{"id":10,"date":"2013-04-16T06:56:45","date_gmt":"2013-04-16T06:56:45","guid":{"rendered":"http:\/\/trockeneisstrahlen-nuernberg.de\/?page_id=10"},"modified":"2013-09-20T13:52:45","modified_gmt":"2013-09-20T13:52:45","slug":"trockeneisstrahlen","status":"publish","type":"page","link":"http:\/\/trockeneisstrahlen-nuernberg.de\/?page_id=10","title":{"rendered":"Trockeneisstrahlen"},"content":{"rendered":"<div class=\"art-content-layout\">\n<div class=\"art-content-layout-row\">\n<div class=\"art-layout-cell layout-item-0\" style=\"width: 100%;\">\n<p style=\"text-align: center;\"><i><span style=\"color: #333333; font-family: Miso; font-size: medium;\">Trockeneisstrahlen eignet sich hervorragend in einer Vielzahl von<\/span><\/i><\/p>\n<p style=\"text-align: center;\"><i><span style=\"color: #333333; font-family: Miso; font-size: medium;\">Branchen. Zum Einsatz kommt unser Verfahren unter anderem beim<\/span><\/i><\/p>\n<p style=\"text-align: center;\"><i><span style=\"color: #333333; font-family: Miso; font-size: medium;\">Entfernen von \u00d6l, Fett, Kohlenstaub, Ru\u00df, Lack, Leim, Harz, Gleitmittel,<\/span><\/i><\/p>\n<p style=\"text-align: center;\"><i><span style=\"color: #333333; font-family: Miso; font-size: medium;\">Druckr\u00fcckst\u00e4nde und Bitumen. Sowie bei der Reinigung von<\/span><\/i><\/p>\n<p style=\"text-align: center;\"><i><span style=\"color: #333333; font-family: Miso; font-size: medium;\">Werkzeugen und Maschinen, Werkst\u00fccken und Fertigungsteilen.<\/span><\/i><\/p>\n<p style=\"text-align: center;\"><i><span style=\"color: #333333; font-family: Miso; font-size: medium;\">Die Reinigug der Produktionsausr\u00fcstung kann ohne Demontage und<\/span><\/i><\/p>\n<p style=\"text-align: center;\"><i><span style=\"color: #333333; font-family: Miso; font-size: medium;\">teuere Betriebsunterbrechung erfolgen.<\/span><\/i><\/p>\n<p style=\"text-align: center;\"><i><span style=\"color: #333333; font-family: Miso; font-size: medium;\">Es werden keinerlei Reinigungs- oder Strahlmittel hinterlassen, was<\/span><\/i><\/p>\n<p style=\"text-align: center;\"><i><span style=\"color: #333333; font-family: Miso; font-size: medium;\">das Verfahren besonders auch f\u00fcr die Lebensmittelindustrie interessant<\/span><\/i><\/p>\n<p style=\"text-align: center;\"><i><span style=\"color: #333333; font-family: Miso; font-size: medium;\">macht.<\/span><\/i><\/p>\n<p style=\"text-align: center;\"><i><span style=\"color: #333333; font-family: Miso; font-size: medium;\">Trockeneisstrahlen ist nichtscheuernd und \u00e4u\u00dferst materialschonend,<\/span><\/i><\/p>\n<p style=\"text-align: center;\"><i><span style=\"color: #333333; font-family: Miso; font-size: medium;\">und l\u00e4sst sich daher auch auf empfindlichen Oberfl\u00e4chen wie<\/span><\/i><\/p>\n<p style=\"text-align: center;\"><i><span style=\"color: #333333; font-family: Miso; font-size: medium;\">z. B. Messing, Nickel, Chrom, weichem Aluminium und Kunststoffen,<\/span><\/i><\/p>\n<p style=\"text-align: center;\"><i><span style=\"color: #333333; font-family: Miso; font-size: medium;\">anwenden.<\/span><\/i><\/p>\n<p style=\"text-align: center;\"><i><span style=\"color: #333333; font-family: Miso; font-size: medium;\">Beim Strahlen spielt die Geometrie und Materialbeschaffenheit des<\/span><\/i><\/p>\n<p style=\"text-align: center;\"><i><span style=\"color: #333333; font-family: Miso; font-size: medium;\">Werkst\u00fcckes keine entscheidende Rolle. Die wichtigen Parameter<\/span><\/i><\/p>\n<p style=\"text-align: center;\"><i><span style=\"color: #333333; font-family: Miso; font-size: medium;\">wie Luftdruck, Volumen und Trockeneispellets sowie deren Gr\u00f6\u00dfe<\/span><\/i><\/p>\n<p style=\"text-align: center;\"><i><span style=\"color: #333333; font-family: Miso; font-size: medium;\">und Durchsatz lassen sich getrennt bestimmen. Dies gilt auch f\u00fcr die<\/span><\/i><\/p>\n<p style=\"text-align: center;\"><i><span style=\"color: #333333; font-family: Miso; font-size: medium;\">Bearbeitungsgeschwindigkeit. Die jeweils passende Einstellung der<\/span><\/i><\/p>\n<p style=\"text-align: center;\"><i><span style=\"color: #333333; font-family: Miso; font-size: medium;\">CO<\/span><\/i><i><span style=\"color: #333333; font-family: Miso; font-size: xx-small;\">2<\/span><\/i><i><span style=\"color: #333333; font-family: Miso;\">-Strahlanlage erzielt eine einwandfreie Oberfl\u00e4che f\u00fcr jede Art<\/span><\/i><\/p>\n<p style=\"text-align: center;\"><i><span style=\"color: #333333; font-family: Miso; font-size: medium;\">der Weiterverarbeitung.<\/span><\/i><\/p>\n<p style=\"text-align: center;\"><i><span style=\"color: #333333; font-family: Miso; font-size: medium;\">\u00a0<\/span><\/i><\/p>\n<p><i><span style=\"color: #333333; font-family: Miso; font-size: medium;\">\u00a0<\/span><\/i><\/p>\n<p style=\"text-align: left;\"><strong><i><span style=\"color: #333333; font-family: Miso; font-size: medium;\">VORTEILE VON TROCKENEISSTRAHLEN<\/span><\/i><\/strong><\/p>\n<p style=\"text-align: left;\"><i><span style=\"color: #333333; font-family: Miso; font-size: medium;\">\u00a0<\/span><\/i><\/p>\n<p style=\"text-align: left;\"><b><span style=\"text-decoration: underline;\"><span style=\"color: blue; font-family: 'Times New Roman'; font-size: medium;\">W<\/span><\/span><\/b><b><span style=\"text-decoration: underline;\"><span style=\"color: blue; font-family: Arial;\">as ist der Vorteil von Trockeneis zu herk\u00f6mmlichen Strahlmitteln ?<\/span><\/span><\/b><\/p>\n<p style=\"text-align: left;\"><span style=\"font-family: Symbol; font-size: small;\">\u00b7<span style=\"font-family: 'Times New Roman'; font-size: xx-small;\">\u00a0\u00a0\u00a0\u00a0\u00a0\u00a0\u00a0\u00a0\u00a0<\/span><\/span><span style=\"font-family: Arial;\">Trockeneis ist nicht abrasiv, es entsteht kein Oberfl\u00e4chenabrieb, es k\u00f6nnen auch empfindliche Oberfl\u00e4chen wie Aluminium oder Plexiglas gereinigt werden.<\/span><\/p>\n<p style=\"text-align: left;\"><span style=\"font-family: Symbol; font-size: small;\">\u00b7<span style=\"font-family: 'Times New Roman'; font-size: xx-small;\">\u00a0\u00a0\u00a0\u00a0\u00a0\u00a0\u00a0\u00a0\u00a0<\/span><\/span><span style=\"font-family: Arial;\">Trockeneis ist lebensmittelecht und kann somit auch im Lebensmittel verarbeitenden Gewerbe angewendet werden.<\/span><\/p>\n<p style=\"text-align: left;\"><span style=\"font-family: Symbol; font-size: small;\">\u00b7<span style=\"font-family: 'Times New Roman'; font-size: xx-small;\">\u00a0\u00a0\u00a0\u00a0\u00a0\u00a0\u00a0\u00a0\u00a0<\/span><\/span><span style=\"font-family: Arial;\">Es fallen keine Strahlr\u00fcckst\u00e4nde wie Sand\u00a0oder Strahlgranulat an, sondern nur der entfernte Belag. Somit k\u00f6nnen auch empfindliche Stellen ( Hohlr\u00e4ume etc. ) gereinigt werden.<\/span><\/p>\n<p style=\"text-align: left;\"><span style=\"font-family: Symbol; font-size: small;\">\u00b7<span style=\"font-family: 'Times New Roman'; font-size: xx-small;\">\u00a0\u00a0\u00a0\u00a0\u00a0\u00a0\u00a0\u00a0\u00a0<\/span><\/span><span style=\"font-family: Arial;\">Schaltk\u00e4sten und Motoren k\u00f6nnen w\u00e4hrend des Betriebs gereinigt werden, da die Pellets nicht elektrisch leitend sind.<\/span><\/p>\n<p style=\"text-align: left;\"><span style=\"font-family: Symbol; font-size: small;\">\u00b7<span style=\"font-family: 'Times New Roman'; font-size: xx-small;\">\u00a0\u00a0\u00a0\u00a0\u00a0\u00a0\u00a0\u00a0\u00a0<\/span><\/span><span style=\"font-family: Arial;\">Maschinen und Motoren k\u00f6nnen gr\u00f6sstenteils ohne Demontage gereinigt werden, somit Verringerung der Betriebsunterbrechungszeiten.<\/span><\/p>\n<p style=\"text-align: left;\"><span style=\"font-family: Symbol; font-size: small;\">\u00b7<span style=\"font-family: 'Times New Roman'; font-size: xx-small;\">\u00a0\u00a0\u00a0\u00a0\u00a0\u00a0\u00a0\u00a0\u00a0<\/span><\/span><span style=\"font-family: Arial;\">Zur Unterboden- Radhaus- und Motorreinigung bei Fahrzeugen m\u00fcssen lediglich die R\u00e4der und evtl. strahlschatten-verursachende Bauteile demontiert werden.<\/span><\/p>\n<p style=\"text-align: left;\"><span style=\"font-family: Symbol; font-size: small;\">\u00b7<span style=\"font-family: 'Times New Roman'; font-size: xx-small;\">\u00a0\u00a0\u00a0\u00a0\u00a0\u00a0\u00a0\u00a0\u00a0<\/span><\/span><span style=\"font-family: Arial;\">KFZ-Branche : Es rieselt nicht noch Jahre sp\u00e4ter das Strahlgut aus Hohlr\u00e4umen und Falzen.<\/span><\/p>\n<p style=\"text-align: left;\"><span style=\"font-family: Symbol; font-size: small;\">\u00b7<span style=\"font-family: 'Times New Roman'; font-size: xx-small;\">\u00a0\u00a0\u00a0\u00a0\u00a0\u00a0\u00a0\u00a0\u00a0<\/span><\/span><span style=\"font-family: Arial;\">Die Kosten f\u00fcr die Entsorgung von Strahlmitteln und ( toxischen ) L\u00f6sungsmitteln entfallen.<\/span><\/p>\n<p style=\"text-align: left;\"><span style=\"font-family: Symbol; font-size: small;\">\u00b7<span style=\"font-family: 'Times New Roman'; font-size: xx-small;\">\u00a0\u00a0\u00a0\u00a0\u00a0\u00a0\u00a0\u00a0\u00a0<\/span><\/span><span style=\"font-family: Arial;\">Eine aufwendige Trennung \u00a0zur Entsorgung von Strahlgut und R\u00fcckst\u00e4nden entf\u00e4llt.<\/span><\/p>\n<p style=\"text-align: left;\"><span style=\"font-family: Symbol; font-size: small;\">\u00b7<span style=\"font-family: 'Times New Roman'; font-size: xx-small;\">\u00a0\u00a0\u00a0\u00a0\u00a0\u00a0\u00a0\u00a0\u00a0<\/span><\/span><span style=\"font-family: Arial;\">Der Zeitaufwand f\u00fcr eine Reinigung kann um bis zu 90 % reduziert werden, somit sind geringe Ausfall- und Maschinenstillstandszeiten \u00a0garantiert.<\/span><\/p>\n<p style=\"text-align: right;\"><b>\u00a0<\/b><\/p>\n<div class=\"lyte-wrapper fourthree\" style=\"width:420px;max-width:100%;margin:5px auto;\"><div class=\"lyMe hidef\" id=\"WYL_rZKdSj4O90o\"><div id=\"lyte_rZKdSj4O90o\" data-src=\"\/\/i.ytimg.com\/vi\/rZKdSj4O90o\/maxresdefault.jpg\" class=\"pL\"><div class=\"tC\"><div class=\"tT\"><\/div><\/div><div class=\"play\"><\/div><div class=\"ctrl\"><div class=\"Lctrl\"><\/div><div class=\"Rctrl\"><\/div><\/div><\/div><noscript><a href=\"http:\/\/youtu.be\/rZKdSj4O90o\" rel=\"nofollow\"><img loading=\"lazy\" decoding=\"async\" src=\"http:\/\/i.ytimg.com\/vi\/rZKdSj4O90o\/0.jpg\" alt=\"YouTube-Video-Vorschaubild\" width=\"420\" height=\"295\" \/><br \/>Dieses Video auf YouTube ansehen<\/a><\/noscript><\/div><\/div><div class=\"lL\" style=\"max-width:100%;width:420px;margin:5px auto;\"><\/div><\/p>\n<p style=\"text-align: center;\"><span style=\"color: #3366ff;\"><strong>Dieses Video zeigt die Behandlung durch Trockeneisstrahlen am <span style=\"text-decoration: underline;\">Unterboden eines Automobils.<\/span><\/strong><\/span><\/p>\n<p style=\"text-align: center;\"><span style=\"color: #3366ff;\"><strong>Es wird der alte <span style=\"text-decoration: underline;\">Unterbodenschutz<\/span> restlos trocken und fettfrei entfernt.<\/strong><\/span><\/p>\n<p style=\"text-align: left;\"><span style=\"color: #000000;\"><strong>Im n\u00e4chsten Video sehen Sie die Vielf\u00e4ltigkeit der Reinigungs-Anwendungsgebieten von Trockeneisstrahlen bzw. der Trockeneisreingung von Objekten.<\/strong><\/span><\/p>\n<div class=\"lyte-wrapper fourthree\" style=\"width:420px;max-width:100%;margin:5px auto;\"><div class=\"lyMe hidef\" id=\"WYL_q7rViKvUcxw\"><div id=\"lyte_q7rViKvUcxw\" data-src=\"\/\/i.ytimg.com\/vi\/q7rViKvUcxw\/maxresdefault.jpg\" class=\"pL\"><div class=\"tC\"><div class=\"tT\"><\/div><\/div><div class=\"play\"><\/div><div class=\"ctrl\"><div class=\"Lctrl\"><\/div><div class=\"Rctrl\"><\/div><\/div><\/div><noscript><a href=\"http:\/\/youtu.be\/q7rViKvUcxw\" rel=\"nofollow\"><img loading=\"lazy\" decoding=\"async\" src=\"http:\/\/i.ytimg.com\/vi\/q7rViKvUcxw\/0.jpg\" alt=\"YouTube-Video-Vorschaubild\" width=\"420\" height=\"295\" \/><br \/>Dieses Video auf YouTube ansehen<\/a><\/noscript><\/div><\/div><div class=\"lL\" style=\"max-width:100%;width:420px;margin:5px auto;\"><\/div><\/p>\n<p style=\"text-align: center;\"><span style=\"color: #3366ff;\"><strong>Sie sehen hier die Reinigung einer <span style=\"text-decoration: underline;\">Ritterr\u00fcstung<\/span> durch Trockeneisstrahlen <\/strong><\/span><\/p>\n<p style=\"text-align: left;\"><span style=\"color: #3366ff;\"><strong>\u00a0<\/strong><\/span><\/p>\n<\/div>\n<\/div>\n<\/div>\n","protected":false},"excerpt":{"rendered":"<p>Trockeneisstrahlen eignet sich hervorragend in einer Vielzahl von Branchen. Zum Einsatz kommt unser Verfahren unter anderem beim Entfernen von \u00d6l, Fett, Kohlenstaub, Ru\u00df, Lack, Leim, Harz, Gleitmittel, Druckr\u00fcckst\u00e4nde und Bitumen. Sowie bei der Reinigung von Werkzeugen und Maschinen, Werkst\u00fccken und Fertigungsteilen. Die Reinigug der Produktionsausr\u00fcstung kann ohne Demontage und teuere Betriebsunterbrechung erfolgen. Es werden keinerlei [&hellip;]<\/p>\n","protected":false},"author":1,"featured_media":0,"parent":0,"menu_order":2,"comment_status":"closed","ping_status":"open","template":"","meta":{"ngg_post_thumbnail":0,"footnotes":""},"class_list":["post-10","page","type-page","status-publish","hentry"],"_links":{"self":[{"href":"http:\/\/trockeneisstrahlen-nuernberg.de\/index.php?rest_route=\/wp\/v2\/pages\/10","targetHints":{"allow":["GET"]}}],"collection":[{"href":"http:\/\/trockeneisstrahlen-nuernberg.de\/index.php?rest_route=\/wp\/v2\/pages"}],"about":[{"href":"http:\/\/trockeneisstrahlen-nuernberg.de\/index.php?rest_route=\/wp\/v2\/types\/page"}],"author":[{"embeddable":true,"href":"http:\/\/trockeneisstrahlen-nuernberg.de\/index.php?rest_route=\/wp\/v2\/users\/1"}],"replies":[{"embeddable":true,"href":"http:\/\/trockeneisstrahlen-nuernberg.de\/index.php?rest_route=%2Fwp%2Fv2%2Fcomments&post=10"}],"version-history":[{"count":21,"href":"http:\/\/trockeneisstrahlen-nuernberg.de\/index.php?rest_route=\/wp\/v2\/pages\/10\/revisions"}],"predecessor-version":[{"id":138,"href":"http:\/\/trockeneisstrahlen-nuernberg.de\/index.php?rest_route=\/wp\/v2\/pages\/10\/revisions\/138"}],"wp:attachment":[{"href":"http:\/\/trockeneisstrahlen-nuernberg.de\/index.php?rest_route=%2Fwp%2Fv2%2Fmedia&parent=10"}],"curies":[{"name":"wp","href":"https:\/\/api.w.org\/{rel}","templated":true}]}}