{"id":11,"date":"2013-04-16T06:56:46","date_gmt":"2013-04-16T06:56:46","guid":{"rendered":"http:\/\/trockeneisstrahlen-nuernberg.de\/?page_id=11"},"modified":"2015-03-17T10:58:37","modified_gmt":"2015-03-17T10:58:37","slug":"industrie","status":"publish","type":"page","link":"http:\/\/trockeneisstrahlen-nuernberg.de\/?page_id=11","title":{"rendered":"Industrie"},"content":{"rendered":"<p>&nbsp;<\/p>\n<h1 class=\"art-content-layout\"><span style=\"color: #3366ff;\"><strong>Trockeneisstrahlen in der Industriereinigung:<\/strong><\/span><\/h1>\n<div class=\"art-content-layout\">\n<div class=\"lyte-wrapper fourthree\" style=\"width:420px;max-width:100%;margin:5px auto;\"><div class=\"lyMe hidef\" id=\"WYL_oZi69zPxQwg\"><div id=\"lyte_oZi69zPxQwg\" data-src=\"\/\/i.ytimg.com\/vi\/oZi69zPxQwg\/maxresdefault.jpg\" class=\"pL\"><div class=\"tC\"><div class=\"tT\"><\/div><\/div><div class=\"play\"><\/div><div class=\"ctrl\"><div class=\"Lctrl\"><\/div><div class=\"Rctrl\"><\/div><\/div><\/div><noscript><a href=\"http:\/\/youtu.be\/oZi69zPxQwg\" rel=\"nofollow\"><img loading=\"lazy\" decoding=\"async\" src=\"http:\/\/i.ytimg.com\/vi\/oZi69zPxQwg\/0.jpg\" alt=\"YouTube-Video-Vorschaubild\" width=\"420\" height=\"295\" \/><br \/>Dieses Video auf YouTube ansehen<\/a><\/noscript><\/div><\/div><div class=\"lL\" style=\"max-width:100%;width:420px;margin:5px auto;\"><\/div><\/p>\n<div class=\"lyte-wrapper fourthree\" style=\"width:420px;max-width:100%;margin:5px auto;\"><div class=\"lyMe hidef\" id=\"WYL_WbjVvbG68y4\"><div id=\"lyte_WbjVvbG68y4\" data-src=\"\/\/i.ytimg.com\/vi\/WbjVvbG68y4\/maxresdefault.jpg\" class=\"pL\"><div class=\"tC\"><div class=\"tT\"><\/div><\/div><div class=\"play\"><\/div><div class=\"ctrl\"><div class=\"Lctrl\"><\/div><div class=\"Rctrl\"><\/div><\/div><\/div><noscript><a href=\"http:\/\/youtu.be\/WbjVvbG68y4\" rel=\"nofollow\"><img loading=\"lazy\" decoding=\"async\" src=\"http:\/\/i.ytimg.com\/vi\/WbjVvbG68y4\/0.jpg\" alt=\"YouTube-Video-Vorschaubild\" width=\"420\" height=\"295\" \/><br \/>Dieses Video auf YouTube ansehen<\/a><\/noscript><\/div><\/div><div class=\"lL\" style=\"max-width:100%;width:420px;margin:5px auto;\"><\/div><\/p>\n<p>&nbsp;<\/p>\n<\/div>\n<div class=\"art-content-layout\"><strong>Beispielvideo von Trockeneisreinigung einer Produktionsmaschine (Spritzgu\u00dfautomat).<\/strong><\/div>\n<div class=\"lyte-wrapper fourthree\" style=\"width:420px;max-width:100%;margin:5px auto;\"><div class=\"lyMe hidef\" id=\"WYL_xYbyWl4FI1E\"><div id=\"lyte_xYbyWl4FI1E\" data-src=\"\/\/i.ytimg.com\/vi\/xYbyWl4FI1E\/maxresdefault.jpg\" class=\"pL\"><div class=\"tC\"><div class=\"tT\"><\/div><\/div><div class=\"play\"><\/div><div class=\"ctrl\"><div class=\"Lctrl\"><\/div><div class=\"Rctrl\"><\/div><\/div><\/div><noscript><a href=\"http:\/\/youtu.be\/xYbyWl4FI1E\" rel=\"nofollow\"><img loading=\"lazy\" decoding=\"async\" src=\"http:\/\/i.ytimg.com\/vi\/xYbyWl4FI1E\/0.jpg\" alt=\"YouTube-Video-Vorschaubild\" width=\"420\" height=\"295\" \/><br \/>Dieses Video auf YouTube ansehen<\/a><\/noscript><\/div><\/div><div class=\"lL\" style=\"max-width:100%;width:420px;margin:5px auto;\"><\/div><\/p>\n<p><strong>Beispielvideo von Trockeneisstrahlen an einem Baukran<\/strong><\/p>\n<div class=\"lyte-wrapper fourthree\" style=\"width:420px;max-width:100%;margin:5px auto;\"><div class=\"lyMe hidef\" id=\"WYL_ImsuUSHLm68\"><div id=\"lyte_ImsuUSHLm68\" data-src=\"\/\/i.ytimg.com\/vi\/ImsuUSHLm68\/maxresdefault.jpg\" class=\"pL\"><div class=\"tC\"><div class=\"tT\"><\/div><\/div><div class=\"play\"><\/div><div class=\"ctrl\"><div class=\"Lctrl\"><\/div><div class=\"Rctrl\"><\/div><\/div><\/div><noscript><a href=\"http:\/\/youtu.be\/ImsuUSHLm68\" rel=\"nofollow\"><img loading=\"lazy\" decoding=\"async\" src=\"http:\/\/i.ytimg.com\/vi\/ImsuUSHLm68\/0.jpg\" alt=\"YouTube-Video-Vorschaubild\" width=\"420\" height=\"295\" \/><br \/>Dieses Video auf YouTube ansehen<\/a><\/noscript><\/div><\/div><div class=\"lL\" style=\"max-width:100%;width:420px;margin:5px auto;\"><\/div><\/p>\n<p><strong>Beispielbilder f\u00fcr die Industrie: (Produktionsmaschinen-Reinigung durch Trockeneisstrahlen &#8211; Trockeneisreinigung):<\/strong><\/p>\n<p style=\"text-align: center;\"><span style=\"color: #ff0000;\">Zur Vergr\u00f6sserung Bilder bitte anklicken<\/span><\/p>\n<p><!-- default-view.php -->\n<div\n\tclass=\"ngg-galleryoverview default-view\n\t ngg-ajax-pagination-none\t\"\n\tid=\"ngg-gallery-0b952738fec2f52bbb23cf0385aad4f3-1\"\n\tdata-nextgen-gallery-id=\"4\"\n\tdata-gallery-id=\"4\"\n\t\tdata-gallery-name=\"Formenreinigung Industrie\"\n\t>\n\n\t\t<!-- Thumbnails -->\n\t\t\t\t<div id=\"ngg-image-0\" class=\"ngg-gallery-thumbnail-box\n\t\t\t\t\t\t\t\t\t\t\t\"\n\t\t\t>\n\t\t\t\t\t\t<div class=\"ngg-gallery-thumbnail\">\n\t\t<a href=\"http:\/\/trockeneisstrahlen-nuernberg.de\/wp-content\/gallery\/formenreinigung-industrie\/formenreinigung-2-klein.jpg?t=1426589927\"\n\t\t\ttitle=\"\"\n\t\t\tdata-src=\"http:\/\/trockeneisstrahlen-nuernberg.de\/wp-content\/gallery\/formenreinigung-industrie\/formenreinigung-2-klein.jpg?t=1426589927\"\n\t\t\tdata-thumbnail=\"http:\/\/trockeneisstrahlen-nuernberg.de\/wp-content\/gallery\/formenreinigung-industrie\/thumbs\/thumbs_formenreinigung-2-klein.jpg?t=1426589927\"\n\t\t\tdata-image-id=\"21\"\n\t\t\tdata-image-name=\"formenreinigung-2-klein.jpg\"\n\t\t\tdata-title=\"formenreinigung-2-klein\"\n\t\t\tdata-description=\"\"\n\t\t\tdata-image-slug=\"formenreinigung-2-klein\"\n\t\t\t\t\t\t\t\t\t\t\t\t\t\t\t\t\t\t\t\tclass=\"shutterset_0b952738fec2f52bbb23cf0385aad4f3\">\n\t\t\t\t\t\t\t\t<img\n\t\t\t\t\ttitle=\"formenreinigung-2-klein\"\n\t\t\t\t\talt=\"formenreinigung-2-klein\"\n\t\t\t\t\tsrc=\"http:\/\/trockeneisstrahlen-nuernberg.de\/wp-content\/gallery\/formenreinigung-industrie\/thumbs\/thumbs_formenreinigung-2-klein.jpg?t=1426589927\"\n\t\t\t\t\twidth=\"160\"\n\t\t\t\t\theight=\"120\"\n\t\t\t\t\tstyle=\"max-width:100%;\"\n\t\t\t\t\/>\n\t\t\t<\/a>\n\t\t<\/div>\n\t\t\t\t\t\t\t<\/div>\n\t\t\t\n\t\t\t\t<div id=\"ngg-image-1\" class=\"ngg-gallery-thumbnail-box\n\t\t\t\t\t\t\t\t\t\t\t\"\n\t\t\t>\n\t\t\t\t\t\t<div class=\"ngg-gallery-thumbnail\">\n\t\t<a href=\"http:\/\/trockeneisstrahlen-nuernberg.de\/wp-content\/gallery\/formenreinigung-industrie\/formenreinigung-3-klein.jpg?t=1426585935\"\n\t\t\ttitle=\"\"\n\t\t\tdata-src=\"http:\/\/trockeneisstrahlen-nuernberg.de\/wp-content\/gallery\/formenreinigung-industrie\/formenreinigung-3-klein.jpg?t=1426585935\"\n\t\t\tdata-thumbnail=\"http:\/\/trockeneisstrahlen-nuernberg.de\/wp-content\/gallery\/formenreinigung-industrie\/thumbs\/thumbs_formenreinigung-3-klein.jpg?t=1426585935\"\n\t\t\tdata-image-id=\"22\"\n\t\t\tdata-image-name=\"formenreinigung-3-klein.jpg\"\n\t\t\tdata-title=\"formenreinigung-3-klein\"\n\t\t\tdata-description=\"\"\n\t\t\tdata-image-slug=\"formenreinigung-3-klein\"\n\t\t\t\t\t\t\t\t\t\t\t\t\t\t\t\t\t\t\t\tclass=\"shutterset_0b952738fec2f52bbb23cf0385aad4f3\">\n\t\t\t\t\t\t\t\t<img\n\t\t\t\t\ttitle=\"formenreinigung-3-klein\"\n\t\t\t\t\talt=\"formenreinigung-3-klein\"\n\t\t\t\t\tsrc=\"http:\/\/trockeneisstrahlen-nuernberg.de\/wp-content\/gallery\/formenreinigung-industrie\/thumbs\/thumbs_formenreinigung-3-klein.jpg?t=1426585935\"\n\t\t\t\t\twidth=\"160\"\n\t\t\t\t\theight=\"120\"\n\t\t\t\t\tstyle=\"max-width:100%;\"\n\t\t\t\t\/>\n\t\t\t<\/a>\n\t\t<\/div>\n\t\t\t\t\t\t\t<\/div>\n\t\t\t\n\t\t\t\t<div id=\"ngg-image-2\" class=\"ngg-gallery-thumbnail-box\n\t\t\t\t\t\t\t\t\t\t\t\"\n\t\t\t>\n\t\t\t\t\t\t<div class=\"ngg-gallery-thumbnail\">\n\t\t<a href=\"http:\/\/trockeneisstrahlen-nuernberg.de\/wp-content\/gallery\/formenreinigung-industrie\/formenreinigung-klein.jpg?t=1426585936\"\n\t\t\ttitle=\"\"\n\t\t\tdata-src=\"http:\/\/trockeneisstrahlen-nuernberg.de\/wp-content\/gallery\/formenreinigung-industrie\/formenreinigung-klein.jpg?t=1426585936\"\n\t\t\tdata-thumbnail=\"http:\/\/trockeneisstrahlen-nuernberg.de\/wp-content\/gallery\/formenreinigung-industrie\/thumbs\/thumbs_formenreinigung-klein.jpg?t=1426585936\"\n\t\t\tdata-image-id=\"23\"\n\t\t\tdata-image-name=\"formenreinigung-klein.jpg\"\n\t\t\tdata-title=\"formenreinigung-klein\"\n\t\t\tdata-description=\"\"\n\t\t\tdata-image-slug=\"formenreinigung-klein\"\n\t\t\t\t\t\t\t\t\t\t\t\t\t\t\t\t\t\t\t\tclass=\"shutterset_0b952738fec2f52bbb23cf0385aad4f3\">\n\t\t\t\t\t\t\t\t<img\n\t\t\t\t\ttitle=\"formenreinigung-klein\"\n\t\t\t\t\talt=\"formenreinigung-klein\"\n\t\t\t\t\tsrc=\"http:\/\/trockeneisstrahlen-nuernberg.de\/wp-content\/gallery\/formenreinigung-industrie\/thumbs\/thumbs_formenreinigung-klein.jpg?t=1426585936\"\n\t\t\t\t\twidth=\"160\"\n\t\t\t\t\theight=\"120\"\n\t\t\t\t\tstyle=\"max-width:100%;\"\n\t\t\t\t\/>\n\t\t\t<\/a>\n\t\t<\/div>\n\t\t\t\t\t\t\t<\/div>\n\t\t\t\n\t\n\t<br style=\"clear: both\" \/>\n\n\t\t<div class=\"slideshowlink\">\n\t\t<a href='http:\/\/trockeneisstrahlen-nuernberg.de\/index.php\/nggallery\/slideshow?page_id=11'>[Show as slideshow]<\/a>\n\n\t<\/div>\n\t\n\t\t<!-- Pagination -->\n\t\t<div class='ngg-clear'><\/div>\t<\/div>\n<\/p>\n","protected":false},"excerpt":{"rendered":"<p>&nbsp; Trockeneisstrahlen in der Industriereinigung: &nbsp; Beispielvideo von Trockeneisreinigung einer Produktionsmaschine (Spritzgu\u00dfautomat). Beispielvideo von Trockeneisstrahlen an einem Baukran Beispielbilder f\u00fcr die Industrie: (Produktionsmaschinen-Reinigung durch Trockeneisstrahlen &#8211; Trockeneisreinigung): Zur Vergr\u00f6sserung Bilder bitte anklicken [Show as slideshow]<\/p>\n","protected":false},"author":1,"featured_media":0,"parent":0,"menu_order":3,"comment_status":"closed","ping_status":"open","template":"","meta":{"ngg_post_thumbnail":0,"footnotes":""},"class_list":["post-11","page","type-page","status-publish","hentry"],"_links":{"self":[{"href":"http:\/\/trockeneisstrahlen-nuernberg.de\/index.php?rest_route=\/wp\/v2\/pages\/11","targetHints":{"allow":["GET"]}}],"collection":[{"href":"http:\/\/trockeneisstrahlen-nuernberg.de\/index.php?rest_route=\/wp\/v2\/pages"}],"about":[{"href":"http:\/\/trockeneisstrahlen-nuernberg.de\/index.php?rest_route=\/wp\/v2\/types\/page"}],"author":[{"embeddable":true,"href":"http:\/\/trockeneisstrahlen-nuernberg.de\/index.php?rest_route=\/wp\/v2\/users\/1"}],"replies":[{"embeddable":true,"href":"http:\/\/trockeneisstrahlen-nuernberg.de\/index.php?rest_route=%2Fwp%2Fv2%2Fcomments&post=11"}],"version-history":[{"count":15,"href":"http:\/\/trockeneisstrahlen-nuernberg.de\/index.php?rest_route=\/wp\/v2\/pages\/11\/revisions"}],"predecessor-version":[{"id":317,"href":"http:\/\/trockeneisstrahlen-nuernberg.de\/index.php?rest_route=\/wp\/v2\/pages\/11\/revisions\/317"}],"wp:attachment":[{"href":"http:\/\/trockeneisstrahlen-nuernberg.de\/index.php?rest_route=%2Fwp%2Fv2%2Fmedia&parent=11"}],"curies":[{"name":"wp","href":"https:\/\/api.w.org\/{rel}","templated":true}]}}