{"id":131,"date":"2013-09-18T14:34:29","date_gmt":"2013-09-18T14:34:29","guid":{"rendered":"http:\/\/trockeneisstrahlen-nuernberg.de\/?page_id=131"},"modified":"2015-03-17T10:57:35","modified_gmt":"2015-03-17T10:57:35","slug":"bausanierung","status":"publish","type":"page","link":"http:\/\/trockeneisstrahlen-nuernberg.de\/?page_id=131","title":{"rendered":"Bausanierung"},"content":{"rendered":"<h2 style=\"text-align: center;\"><span style=\"color: black; font-family: Arial; font-size: small;\"><span style=\"font-size: 10.0pt; font-family: Arial;\">Das Anwendungsgebiet ist sehr vielf\u00e4ltig.<\/span><\/span><\/h2>\n<h2 style=\"text-align: center;\"><span style=\"color: black; font-family: Arial; font-size: small;\"><span style=\"font-size: 10.0pt; font-family: Arial;\">Reinigen von Tr\u00e4gern und W\u00e4nden<\/span><\/span><\/h2>\n<h2 style=\"text-align: center;\"><span style=\"color: black; font-family: Arial; font-size: small;\"><span style=\"font-size: 10pt; font-family: Arial;\">Die Anfragen<\/span><\/span><span style=\"color: black; font-family: Arial; font-size: small;\"><span style=\"font-size: 10pt; font-family: Arial;\"> werde<\/span><\/span><span style=\"color: black; font-family: Arial; font-size: small;\"><span style=\"font-size: 10pt; font-family: Arial;\">n<\/span><\/span><span style=\"color: black; font-family: Arial; font-size: small;\"><span style=\"font-size: 10pt; font-family: Arial;\"> individuell behandelt.<\/span><\/span><\/h2>\n<p>&nbsp;<\/p>\n\n\t\t<style type=\"text\/css\">\n\t\t\t#gallery-1 {\n\t\t\t\tmargin: auto;\n\t\t\t}\n\t\t\t#gallery-1 .gallery-item {\n\t\t\t\tfloat: left;\n\t\t\t\tmargin-top: 10px;\n\t\t\t\ttext-align: center;\n\t\t\t\twidth: 50%;\n\t\t\t}\n\t\t\t#gallery-1 img {\n\t\t\t\tborder: 2px solid #cfcfcf;\n\t\t\t}\n\t\t\t#gallery-1 .gallery-caption {\n\t\t\t\tmargin-left: 0;\n\t\t\t}\n\t\t\t\/* see gallery_shortcode() in wp-includes\/media.php *\/\n\t\t<\/style>\n\t\t<div id='gallery-1' class='gallery galleryid-131 gallery-columns-2 gallery-size-medium'><dl class='gallery-item'>\n\t\t\t<dt class='gallery-icon landscape'>\n\t\t\t\t<a href='http:\/\/trockeneisstrahlen-nuernberg.de\/wp-content\/uploads\/2013\/09\/Bausanierung-Trockeneisreiniung-Trockeneisstrahlen-Nuernberg-Vorher.jpg'><img loading=\"lazy\" decoding=\"async\" width=\"300\" height=\"225\" src=\"http:\/\/trockeneisstrahlen-nuernberg.de\/wp-content\/uploads\/2013\/09\/Bausanierung-Trockeneisreiniung-Trockeneisstrahlen-Nuernberg-Vorher-300x225.jpg\" class=\"attachment-medium size-medium\" alt=\"\" aria-describedby=\"gallery-1-290\" srcset=\"http:\/\/trockeneisstrahlen-nuernberg.de\/wp-content\/uploads\/2013\/09\/Bausanierung-Trockeneisreiniung-Trockeneisstrahlen-Nuernberg-Vorher-300x225.jpg 300w, http:\/\/trockeneisstrahlen-nuernberg.de\/wp-content\/uploads\/2013\/09\/Bausanierung-Trockeneisreiniung-Trockeneisstrahlen-Nuernberg-Vorher.jpg 816w\" sizes=\"auto, (max-width: 300px) 100vw, 300px\" \/><\/a>\n\t\t\t<\/dt>\n\t\t\t\t<dd class='wp-caption-text gallery-caption' id='gallery-1-290'>\n\t\t\t\tBausanierung-Klinkerwand-vorher\n\t\t\t\t<\/dd><\/dl><dl class='gallery-item'>\n\t\t\t<dt class='gallery-icon landscape'>\n\t\t\t\t<a href='http:\/\/trockeneisstrahlen-nuernberg.de\/wp-content\/uploads\/2013\/09\/Bausanierung-Trockeneisreiniung-Trockeneisstrahlen-Nuernberg-Nachher.jpg'><img loading=\"lazy\" decoding=\"async\" width=\"300\" height=\"225\" src=\"http:\/\/trockeneisstrahlen-nuernberg.de\/wp-content\/uploads\/2013\/09\/Bausanierung-Trockeneisreiniung-Trockeneisstrahlen-Nuernberg-Nachher-300x225.jpg\" class=\"attachment-medium size-medium\" alt=\"\" aria-describedby=\"gallery-1-289\" srcset=\"http:\/\/trockeneisstrahlen-nuernberg.de\/wp-content\/uploads\/2013\/09\/Bausanierung-Trockeneisreiniung-Trockeneisstrahlen-Nuernberg-Nachher-300x225.jpg 300w, http:\/\/trockeneisstrahlen-nuernberg.de\/wp-content\/uploads\/2013\/09\/Bausanierung-Trockeneisreiniung-Trockeneisstrahlen-Nuernberg-Nachher.jpg 816w\" sizes=\"auto, (max-width: 300px) 100vw, 300px\" \/><\/a>\n\t\t\t<\/dt>\n\t\t\t\t<dd class='wp-caption-text gallery-caption' id='gallery-1-289'>\n\t\t\t\tBausanierung-Klinkerwandreinigung-nachher\n\t\t\t\t<\/dd><\/dl><br style=\"clear: both\" \/>\n\t\t<\/div>\n\n<div class=\"lyte-wrapper fourthree\" style=\"width:420px;max-width:100%;margin:5px auto;\"><div class=\"lyMe hidef\" id=\"WYL_uBZbFOAwVAg\"><div id=\"lyte_uBZbFOAwVAg\" data-src=\"\/\/i.ytimg.com\/vi\/uBZbFOAwVAg\/maxresdefault.jpg\" class=\"pL\"><div class=\"tC\"><div class=\"tT\"><\/div><\/div><div class=\"play\"><\/div><div class=\"ctrl\"><div class=\"Lctrl\"><\/div><div class=\"Rctrl\"><\/div><\/div><\/div><noscript><a href=\"http:\/\/youtu.be\/uBZbFOAwVAg\" rel=\"nofollow\"><img loading=\"lazy\" decoding=\"async\" src=\"http:\/\/i.ytimg.com\/vi\/uBZbFOAwVAg\/0.jpg\" alt=\"YouTube-Video-Vorschaubild\" width=\"420\" height=\"295\" \/><br \/>Dieses Video auf YouTube ansehen<\/a><\/noscript><\/div><\/div><div class=\"lL\" style=\"max-width:100%;width:420px;margin:5px auto;\"><\/div><\/p>\n","protected":false},"excerpt":{"rendered":"<p>Das Anwendungsgebiet ist sehr vielf\u00e4ltig. Reinigen von Tr\u00e4gern und W\u00e4nden Die Anfragen werden individuell behandelt. &nbsp;<\/p>\n","protected":false},"author":1,"featured_media":0,"parent":0,"menu_order":0,"comment_status":"open","ping_status":"open","template":"","meta":{"ngg_post_thumbnail":0,"footnotes":""},"class_list":["post-131","page","type-page","status-publish","hentry"],"_links":{"self":[{"href":"http:\/\/trockeneisstrahlen-nuernberg.de\/index.php?rest_route=\/wp\/v2\/pages\/131","targetHints":{"allow":["GET"]}}],"collection":[{"href":"http:\/\/trockeneisstrahlen-nuernberg.de\/index.php?rest_route=\/wp\/v2\/pages"}],"about":[{"href":"http:\/\/trockeneisstrahlen-nuernberg.de\/index.php?rest_route=\/wp\/v2\/types\/page"}],"author":[{"embeddable":true,"href":"http:\/\/trockeneisstrahlen-nuernberg.de\/index.php?rest_route=\/wp\/v2\/users\/1"}],"replies":[{"embeddable":true,"href":"http:\/\/trockeneisstrahlen-nuernberg.de\/index.php?rest_route=%2Fwp%2Fv2%2Fcomments&post=131"}],"version-history":[{"count":7,"href":"http:\/\/trockeneisstrahlen-nuernberg.de\/index.php?rest_route=\/wp\/v2\/pages\/131\/revisions"}],"predecessor-version":[{"id":316,"href":"http:\/\/trockeneisstrahlen-nuernberg.de\/index.php?rest_route=\/wp\/v2\/pages\/131\/revisions\/316"}],"wp:attachment":[{"href":"http:\/\/trockeneisstrahlen-nuernberg.de\/index.php?rest_route=%2Fwp%2Fv2%2Fmedia&parent=131"}],"curies":[{"name":"wp","href":"https:\/\/api.w.org\/{rel}","templated":true}]}}